{"id":242892,"date":"2020-11-10T09:49:33","date_gmt":"2020-11-10T07:49:33","guid":{"rendered":"https:\/\/staging.helga.fi\/your-sanctuary\/hallinnon-opiskelijaedustajat\/"},"modified":"2025-02-06T08:31:11","modified_gmt":"2025-02-06T06:31:11","slug":"student-representatives","status":"publish","type":"page","link":"https:\/\/helga.fi\/en\/your-sanctuary\/student-representatives\/","title":{"rendered":"Student Representatives"},"content":{"rendered":"<p>[et_pb_section fb_built=&#8221;1&#8243; next_background_color=&#8221;#ffffff&#8221; _builder_version=&#8221;4.16&#8243; _module_preset=&#8221;default&#8221; background_color=&#8221;rgba(0,0,0,0.57)&#8221; background_image=&#8221;https:\/\/helga.fi\/wp-content\/uploads\/2020\/12\/hallinnon-opiskelijaedustajat.jpg&#8221; background_blend=&#8221;overlay&#8221; custom_padding=&#8221;||223px|||&#8221; bottom_divider_style=&#8221;wave&#8221; bottom_divider_height=&#8221;60px&#8221; border_width_right=&#8221;60px&#8221; border_color_right=&#8221;#ffffff&#8221; border_width_left=&#8221;60px&#8221; border_color_left=&#8221;#ffffff&#8221; border_width_right_tablet=&#8221;&#8221; border_width_right_phone=&#8221;0px&#8221; border_width_right_last_edited=&#8221;on|phone&#8221; border_width_left_tablet=&#8221;&#8221; border_width_left_phone=&#8221;0px&#8221; border_width_left_last_edited=&#8221;on|phone&#8221; global_colors_info=&#8221;{}&#8221;][et_pb_row _builder_version=&#8221;4.16&#8243; _module_preset=&#8221;default&#8221; custom_padding=&#8221;103px||40px|||&#8221; global_colors_info=&#8221;{}&#8221;][et_pb_column type=&#8221;4_4&#8243; _builder_version=&#8221;4.16&#8243; _module_preset=&#8221;default&#8221; global_colors_info=&#8221;{}&#8221;][et_pb_text content_tablet=&#8221;<\/p>\n<h1>Student Representa-<br \/>\ntives<\/h1>\n<p>&#8221; content_phone=&#8221;<\/p>\n<h1>Student Representa-<br \/>\ntives<\/h1>\n<p>&#8221; content_last_edited=&#8221;on|tablet&#8221; _builder_version=&#8221;4.16&#8243; _module_preset=&#8221;default&#8221; text_text_color=&#8221;#ffffff&#8221; header_font=&#8221;|800||on|||||&#8221; header_text_color=&#8221;#ffffff&#8221; header_font_size=&#8221;3vw&#8221; header_letter_spacing=&#8221;3px&#8221; header_2_font=&#8221;|600|||||||&#8221; header_2_text_color=&#8221;#ffffff&#8221; header_2_font_size=&#8221;4vw&#8221; header_font_size_tablet=&#8221;6vw&#8221; header_font_size_phone=&#8221;8vw&#8221; header_font_size_last_edited=&#8221;on|phone&#8221; header_letter_spacing_tablet=&#8221;&#8221; header_letter_spacing_phone=&#8221;&#8221; header_letter_spacing_last_edited=&#8221;on|tablet&#8221; header_2_font_size_tablet=&#8221;6vw&#8221; header_2_font_size_phone=&#8221;9vw&#8221; header_2_font_size_last_edited=&#8221;on|phone&#8221; global_colors_info=&#8221;{}&#8221;]<\/p>\n<h1>Student Representatives<\/h1>\n<p>[\/et_pb_text][et_pb_divider color=&#8221;#ffffff&#8221; divider_weight=&#8221;3px&#8221; disabled_on=&#8221;on|off|off&#8221; _builder_version=&#8221;4.16&#8243; _module_preset=&#8221;default&#8221; width=&#8221;100px&#8221; module_alignment=&#8221;left&#8221; global_colors_info=&#8221;{}&#8221;][\/et_pb_divider][\/et_pb_column][\/et_pb_row][\/et_pb_section][et_pb_section fb_built=&#8221;1&#8243; _builder_version=&#8221;4.16&#8243; _module_preset=&#8221;default&#8221; custom_margin=&#8221;0px||0px||true|false&#8221; custom_padding=&#8221;0px||0px||true|false&#8221; global_colors_info=&#8221;{}&#8221;][et_pb_row column_structure=&#8221;1_2,1_2&#8243; _builder_version=&#8221;4.16&#8243; _module_preset=&#8221;default&#8221; custom_padding=&#8221;7px|||||&#8221; global_colors_info=&#8221;{}&#8221;][et_pb_column type=&#8221;1_2&#8243; _builder_version=&#8221;4.16&#8243; _module_preset=&#8221;default&#8221; global_colors_info=&#8221;{}&#8221;][et_pb_text _builder_version=&#8221;4.16&#8243; _module_preset=&#8221;default&#8221; text_text_color=&#8221;#ffffff&#8221; text_font_size=&#8221;18px&#8221; text_line_height=&#8221;1.8em&#8221; header_2_font=&#8221;|600|||||||&#8221; header_2_text_color=&#8221;#ffffff&#8221; background_color=&#8221;#006887&#8243; custom_margin=&#8221;-220px||||false|false&#8221; custom_margin_tablet=&#8221;-100px||||false|false&#8221; custom_margin_phone=&#8221;&#8221; custom_margin_last_edited=&#8221;on|phone&#8221; custom_padding=&#8221;40px|40px|40px|40px|true|true&#8221; border_radii=&#8221;on|15px|15px|15px|15px&#8221; global_colors_info=&#8221;{}&#8221;]One of the most important tasks of the Student Union is to appoint student representatives to several Haaga-Helia\u2019s organs. These organs meet regularly to discuss Haaga-Helia&#8217;s internal operations such as education in degree programs and guidelines of the university. You can find more information below.[\/et_pb_text][\/et_pb_column][et_pb_column type=&#8221;1_2&#8243; _builder_version=&#8221;4.16&#8243; _module_preset=&#8221;default&#8221; global_colors_info=&#8221;{}&#8221;][\/et_pb_column][\/et_pb_row][\/et_pb_section][et_pb_section fb_built=&#8221;1&#8243; custom_padding_last_edited=&#8221;on|phone&#8221; _builder_version=&#8221;4.16&#8243; _module_preset=&#8221;default&#8221; custom_margin_tablet=&#8221;-100px||||false|false&#8221; custom_margin_phone=&#8221;&#8221; custom_margin_last_edited=&#8221;on|tablet&#8221; custom_padding=&#8221;6px||130px|||&#8221; custom_padding_tablet=&#8221;6px||60px||false|false&#8221; custom_padding_phone=&#8221;&#8221; global_colors_info=&#8221;{}&#8221;][et_pb_row _builder_version=&#8221;4.16&#8243; _module_preset=&#8221;default&#8221; custom_padding=&#8221;80px|||||&#8221; global_colors_info=&#8221;{}&#8221;][et_pb_column type=&#8221;4_4&#8243; _builder_version=&#8221;4.16&#8243; _module_preset=&#8221;default&#8221; global_colors_info=&#8221;{}&#8221;][et_pb_text _builder_version=&#8221;4.16&#8243; _module_preset=&#8221;default&#8221; text_font_size=&#8221;18px&#8221; text_line_height=&#8221;1.8em&#8221; text_orientation=&#8221;center&#8221; max_width=&#8221;60%&#8221; max_width_tablet=&#8221;80%&#8221; max_width_phone=&#8221;100%&#8221; max_width_last_edited=&#8221;on|phone&#8221; module_alignment=&#8221;center&#8221; global_colors_info=&#8221;{}&#8221;]Contact address for each member is firstname.lastname@myy.haaga-helia.fi unless stated otherwise.[\/et_pb_text][\/et_pb_column][\/et_pb_row][et_pb_row column_structure=&#8221;1_2,1_2&#8243; _builder_version=&#8221;4.25.1&#8243; _module_preset=&#8221;default&#8221; custom_margin=&#8221;30px|auto||auto||&#8221; global_colors_info=&#8221;{}&#8221;][et_pb_column type=&#8221;1_2&#8243; _builder_version=&#8221;4.16&#8243; _module_preset=&#8221;default&#8221; global_colors_info=&#8221;{}&#8221;][et_pb_blurb title=&#8221;Collegiate Body&#8221; use_icon=&#8221;on&#8221; font_icon=&#8221;&#xe04a;||divi||400&#8243; icon_color=&#8221;#845498&#8243; icon_placement=&#8221;left&#8221; _builder_version=&#8221;4.16&#8243; _module_preset=&#8221;default&#8221; header_font=&#8221;|700|||||||&#8221; header_text_color=&#8221;#006887&#8243; custom_padding=&#8221;||0px|||&#8221; global_colors_info=&#8221;{}&#8221;]<\/p>\n<p>The Collegiate Body for example modifies The Degree Regulations of Haaga-Helia University of Applied Sciences and handles requests for rectification. It is led by President Teemu Kokko.<\/p>\n<p>Student representative 2025-2026: Jasmin Valtanen<\/p>\n<p>Substitute: Milla Suominen<\/p>\n<p>[\/et_pb_blurb][et_pb_blurb title=&#8221;Board of Haaga-Helia&#8221; use_icon=&#8221;on&#8221; font_icon=&#8221;&#xe04a;||divi||400&#8243; icon_color=&#8221;#845498&#8243; icon_placement=&#8221;left&#8221; _builder_version=&#8221;4.16&#8243; _module_preset=&#8221;default&#8221; header_font=&#8221;|700|||||||&#8221; header_text_color=&#8221;#006887&#8243; global_colors_info=&#8221;{}&#8221;]<\/p>\n<p>The Board of Haaga-Helia holds the highest authority in Haaga-Helia University of Applied Sciences. For example, the board approves curriculas and deals with correction requests of student selection. The position offers a great view for all Haaga-Helia operations and helps the student representative to see current situations from the Haaga-Helia perspective.<\/p>\n<p>Student representative 2025-2026: Laura T\u00f6ykk\u00e4l\u00e4<\/p>\n<p>[\/et_pb_blurb][et_pb_blurb title=&#8221;Restaurant Committee&#8221; use_icon=&#8221;on&#8221; font_icon=&#8221;&#xe04a;||divi||400&#8243; icon_color=&#8221;#845498&#8243; icon_placement=&#8221;left&#8221; _builder_version=&#8221;4.27.4&#8243; _module_preset=&#8221;default&#8221; header_font=&#8221;|700|||||||&#8221; header_text_color=&#8221;#006887&#8243; hover_enabled=&#8221;0&#8243; global_colors_info=&#8221;{}&#8221; sticky_enabled=&#8221;0&#8243;]<\/p>\n<p>The Restaurant Committee has an informative role but no power to influence the contract between Kiinteist\u00f6 Oy Opetustalo and the restaurant entrepreneur. The Committee is a cooperative organ between Opetustalo, restaurant and bistro as well as the students and Haaga-Helia staff.<\/p>\n<p>Student representatives 2025: Niko Lavikainen, Janina Brunfeldt, Kaisa Manner and Milla Suominen<\/p>\n<p>[\/et_pb_blurb][et_pb_blurb title=&#8221;Examination Committee&#8221; use_icon=&#8221;on&#8221; font_icon=&#8221;&#xe04a;||divi||400&#8243; icon_color=&#8221;#845498&#8243; icon_placement=&#8221;left&#8221; _builder_version=&#8221;4.16&#8243; _module_preset=&#8221;default&#8221; header_font=&#8221;|700|||||||&#8221; header_text_color=&#8221;#006887&#8243; global_colors_info=&#8221;{}&#8221;]<\/p>\n<p>The Examination Committee handles complaints made by students about study related issues.<\/p>\n<p>Student representative 2025-2026: Kaisa Manner<\/p>\n<p>Substitute: Tuomas Martti<\/p>\n<p>[\/et_pb_blurb][et_pb_blurb title=&#8221;Ulysseus Governing Council&#8221; use_icon=&#8221;on&#8221; font_icon=&#8221;&#xe04a;||divi||400&#8243; icon_color=&#8221;#845498&#8243; icon_placement=&#8221;left&#8221; _builder_version=&#8221;4.25.1&#8243; _module_preset=&#8221;default&#8221; header_font=&#8221;|700|||||||&#8221; header_text_color=&#8221;#006887&#8243; global_colors_info=&#8221;{}&#8221;]<\/p>\n<p><span>Strategic decisions, Alliance coordination, project monitoring approvals, financial approvals, Governance plan approvals, and innovation Hubs supervision.<\/span><span><\/span><\/p>\n<p><span>Student representative 11\/2024-4\/2025: Aayush Jain\u00a0<\/span><\/p>\n<p>[\/et_pb_blurb][et_pb_blurb title=&#8221;UlySA&#8221; use_icon=&#8221;on&#8221; font_icon=&#8221;&#xe04a;||divi||400&#8243; icon_color=&#8221;#845498&#8243; icon_placement=&#8221;left&#8221; _builder_version=&#8221;4.27.3&#8243; _module_preset=&#8221;default&#8221; header_font=&#8221;|700|||||||&#8221; header_text_color=&#8221;#006887&#8243; global_colors_info=&#8221;{}&#8221;]<\/p>\n<p><span>UlySA is established as a cross-university network to enhance student life, support mobility, and ensure that the student voice is represented at all levels within the Ulysseus European University. UlySA\u2019s mission is to empower students by creating opportunities that foster cultural awareness, personal development, and support for mental and physical well-being.<\/span><\/p>\n<p><span>Student representative: Th\u00e9o Bloemen (President)<br \/><a href=\"https:\/\/ulysseus.eu\/news\/ulysa-association-presented-in-nice\/\" target=\"_blank\" rel=\"noopener\" data-uw-rm-brl=\"PR\" data-uw-original-href=\"https:\/\/ulysseus.eu\/news\/ulysa-association-presented-in-nice\/\" aria-label=\"More Info - open in a new tab\" data-uw-rm-ext-link=\"\" uw-rm-external-link-id=\"https:\/\/ulysseus.eu\/news\/ulysa-association-presented-in-nice\/$moreinfo\">More Info<\/a><br \/><\/span><\/p>\n<p>[\/et_pb_blurb][et_pb_blurb title=&#8221;World Student Capital&#8221; url=&#8221;@ET-DC@eyJkeW5hbWljIjp0cnVlLCJjb250ZW50IjoicG9zdF9saW5rX3VybF9hdHRhY2htZW50Iiwic2V0dGluZ3MiOnsicG9zdF9pZCI6IjMxNzcwMiJ9fQ==@&#8221; use_icon=&#8221;on&#8221; font_icon=&#8221;&#xe04a;||divi||400&#8243; icon_color=&#8221;#845498&#8243; icon_placement=&#8221;left&#8221; _builder_version=&#8221;4.25.1&#8243; _dynamic_attributes=&#8221;url&#8221; _module_preset=&#8221;default&#8221; header_font=&#8221;|700|||||||&#8221; header_text_color=&#8221;#006887&#8243; custom_padding=&#8221;||56px|||&#8221; global_colors_info=&#8221;{}&#8221;]<\/p>\n<p _msttexthash=\"72484438\" _msthash=\"27\"><span>The World Student Capital aims to promote a positive urban policy for higher education students in the Helsinki Metropolitan Area and Uusimaa municipalities. To achieve its purpose, the association engages in advocacy of its members, as well as education, research, awareness-raising, and publishing activities, and organizes events and services that support its purpose. The student unions of the Helsinki Metropolitan Area and Uusimaa have joined members of the association.<\/span><\/p>\n<p>Student representative: My Siegberg<\/p>\n<p>[\/et_pb_blurb][\/et_pb_column][et_pb_column type=&#8221;1_2&#8243; _builder_version=&#8221;4.16&#8243; _module_preset=&#8221;default&#8221; global_colors_info=&#8221;{}&#8221;][et_pb_blurb title=&#8221;Election Committee&#8221; use_icon=&#8221;on&#8221; font_icon=&#8221;&#xe04a;||divi||400&#8243; icon_color=&#8221;#845498&#8243; icon_placement=&#8221;left&#8221; _builder_version=&#8221;4.17.3&#8243; _module_preset=&#8221;default&#8221; header_font=&#8221;|700|||||||&#8221; header_text_color=&#8221;#006887&#8243; custom_padding=&#8221;||0px|||&#8221; global_colors_info=&#8221;{}&#8221;]<\/p>\n<p>Organ of the Student Union. The Committee oversees the election procedures of the Student Union. It also accepts the candidates and validates the result. The committee also elects hallopeds. You must be a member of Helga to apply.<\/p>\n<p>Chairperson: <span>Th\u00e9o Bloemen<\/span><br \/>Vice-Chairperson:\u00a0<br \/>Members:\u00a0<\/p>\n<p>[\/et_pb_blurb][et_pb_blurb title=&#8221;FSHS delegation and board of the Southern Service Area&#8221; use_icon=&#8221;on&#8221; font_icon=&#8221;&#xe04a;||divi||400&#8243; icon_color=&#8221;#845498&#8243; icon_placement=&#8221;left&#8221; _builder_version=&#8221;4.25.1&#8243; _module_preset=&#8221;default&#8221; header_font=&#8221;|700|||||||&#8221; header_text_color=&#8221;#006887&#8243; global_colors_info=&#8221;{}&#8221;]<\/p>\n<h4 class=\"et_pb_module_header\" role=\"presentation\" aria-hidden=\"true\" data-uw-rm-heading=\"hide\"><span class=\"data-uw-rm-autofix-hide\" data-uw-reader-element=\"\" data-uw-rm-ignore=\"\" style=\"color: #ffffff !important; background: #000000 !important; clip: rect(1px, 1px, 1px, 1px) !important; clip-path: inset(50%) !important; height: 1px !important; width: 1px !important; margin: -1px !important; overflow: hidden !important; padding: 0px !important; position: absolute !important;\">Empty heading<\/span><\/h4>\n<div class=\"et_pb_blurb_description\">\n<p _msttexthash=\"173446598\" _msthash=\"172\">The delegation of the Finnish Student Health Care Foundation meets twice a year. The meetings discuss, among other things, the FSHS Board of Directors&#8217; report and financial statements, budget and action plan. The meetings also elect the chairman and vice chairman of the delegation, the secretary and certain members of the delegation, and elect the chairman, vice chairman and other members of the Board of Directors when necessary. The term of the delegation is two years and Helga&#8217;s representation is as follows;<br role=\"presentation\" data-uw-rm-sr=\"\" _istranslated=\"1\" \/>2023-2024 deputy member, 2025-2026 full member, 2029-2030 deputy member, 2031-2032 full member.<\/p>\n<p _msttexthash=\"76533405\" _msthash=\"173\">FSHS operates in five service areas, each of which has a board appointed by the Board. The task of the Board is to monitor the activities of the region and changes in the operating environment, health promotion and community health work. The Board discusses the reduction and increase of service points in the area and other matters that have a significant impact on the operations of the area.<\/p>\n<p _msttexthash=\"6087510\" _msthash=\"174\">FSHS delegation member 2025-2026: Rico Martikainen<\/p>\n<p _msttexthash=\"6087510\" _msthash=\"174\">FSHS Southern Service Area Board 2025-2026: Rico Martikainen<\/p>\n<\/div>\n<p>[\/et_pb_blurb][et_pb_blurb title=&#8221;HOAS delegation&#8221; use_icon=&#8221;on&#8221; font_icon=&#8221;&#xe04a;||divi||400&#8243; icon_color=&#8221;#845498&#8243; icon_placement=&#8221;left&#8221; _builder_version=&#8221;4.17.3&#8243; _module_preset=&#8221;default&#8221; header_font=&#8221;|700|||||||&#8221; header_text_color=&#8221;#006887&#8243; global_colors_info=&#8221;{}&#8221;]<\/p>\n<p>The delegation is a governing body of the HOAS foundation, which can appoint up to three members to the foundation\u2019s board of directors and choose at least one auditor to audit the foundation\u2019s administration and accounts for the following year.<\/p>\n<p>Representatives chosen by other student unions to the Board of HOAS: <span>Janne H\u00e4linen and Matilda Stirkkinen<\/span><\/p>\n<p>Tenants\u2019 co-operation body: &#8211;<\/p>\n<p>[\/et_pb_blurb][\/et_pb_column][\/et_pb_row][\/et_pb_section]<\/p>\n","protected":false},"excerpt":{"rendered":"<p>Student RepresentativesOne of the most important tasks of the Student Union is to appoint student representatives to several Haaga-Helia\u2019s organs. These organs meet regularly to discuss Haaga-Helia&#8217;s internal operations such [&hellip;]<\/p>\n","protected":false},"author":1,"featured_media":0,"parent":242847,"menu_order":0,"comment_status":"closed","ping_status":"closed","template":"","meta":{"_et_pb_use_builder":"on","_et_pb_old_content":"<!-- wp:divi\/placeholder \/-->","_et_gb_content_width":"","footnotes":""},"class_list":["post-242892","page","type-page","status-publish","hentry"],"yoast_head":"<!-- This site is optimized with the Yoast SEO plugin v27.3 - https:\/\/yoast.com\/product\/yoast-seo-wordpress\/ -->\n<title>Student Representatives - helga.fi<\/title>\n<meta name=\"robots\" content=\"index, follow, max-snippet:-1, max-image-preview:large, max-video-preview:-1\" \/>\n<link rel=\"canonical\" href=\"https:\/\/helga.fi\/en\/your-sanctuary\/student-representatives\/\" \/>\n<meta property=\"og:locale\" content=\"en_US\" \/>\n<meta property=\"og:type\" content=\"article\" \/>\n<meta property=\"og:title\" content=\"Student Representatives - helga.fi\" \/>\n<meta property=\"og:description\" content=\"Student RepresentativesOne of the most important tasks of the Student Union is to appoint student representatives to several Haaga-Helia\u2019s organs. These organs meet regularly to discuss Haaga-Helia&#039;s internal operations such [&hellip;]\" \/>\n<meta property=\"og:url\" content=\"https:\/\/helga.fi\/en\/your-sanctuary\/student-representatives\/\" \/>\n<meta property=\"og:site_name\" content=\"helga.fi\" \/>\n<meta property=\"article:modified_time\" content=\"2025-02-06T06:31:11+00:00\" \/>\n<meta name=\"twitter:card\" content=\"summary_large_image\" \/>\n<meta name=\"twitter:label1\" content=\"Est. reading time\" \/>\n\t<meta name=\"twitter:data1\" content=\"5 minutes\" \/>\n<script type=\"application\/ld+json\" class=\"yoast-schema-graph\">{\"@context\":\"https:\\\/\\\/schema.org\",\"@graph\":[{\"@type\":\"WebPage\",\"@id\":\"https:\\\/\\\/helga.fi\\\/en\\\/your-sanctuary\\\/student-representatives\\\/\",\"url\":\"https:\\\/\\\/helga.fi\\\/en\\\/your-sanctuary\\\/student-representatives\\\/\",\"name\":\"Student Representatives - helga.fi\",\"isPartOf\":{\"@id\":\"https:\\\/\\\/helga.fi\\\/en\\\/#website\"},\"datePublished\":\"2020-11-10T07:49:33+00:00\",\"dateModified\":\"2025-02-06T06:31:11+00:00\",\"breadcrumb\":{\"@id\":\"https:\\\/\\\/helga.fi\\\/en\\\/your-sanctuary\\\/student-representatives\\\/#breadcrumb\"},\"inLanguage\":\"en-US\",\"potentialAction\":[{\"@type\":\"ReadAction\",\"target\":[\"https:\\\/\\\/helga.fi\\\/en\\\/your-sanctuary\\\/student-representatives\\\/\"]}]},{\"@type\":\"BreadcrumbList\",\"@id\":\"https:\\\/\\\/helga.fi\\\/en\\\/your-sanctuary\\\/student-representatives\\\/#breadcrumb\",\"itemListElement\":[{\"@type\":\"ListItem\",\"position\":1,\"name\":\"Home\",\"item\":\"https:\\\/\\\/helga.fi\\\/en\\\/\"},{\"@type\":\"ListItem\",\"position\":2,\"name\":\"Your Sanctuary\",\"item\":\"https:\\\/\\\/helga.fi\\\/en\\\/turvasi\\\/\"},{\"@type\":\"ListItem\",\"position\":3,\"name\":\"Student Representatives\"}]},{\"@type\":\"WebSite\",\"@id\":\"https:\\\/\\\/helga.fi\\\/en\\\/#website\",\"url\":\"https:\\\/\\\/helga.fi\\\/en\\\/\",\"name\":\"helga.fi\",\"description\":\"Haaga-Helian opiskelijakunta Helga\",\"potentialAction\":[{\"@type\":\"SearchAction\",\"target\":{\"@type\":\"EntryPoint\",\"urlTemplate\":\"https:\\\/\\\/helga.fi\\\/en\\\/?s={search_term_string}\"},\"query-input\":{\"@type\":\"PropertyValueSpecification\",\"valueRequired\":true,\"valueName\":\"search_term_string\"}}],\"inLanguage\":\"en-US\"}]}<\/script>\n<!-- \/ Yoast SEO plugin. -->","yoast_head_json":{"title":"Student Representatives - helga.fi","robots":{"index":"index","follow":"follow","max-snippet":"max-snippet:-1","max-image-preview":"max-image-preview:large","max-video-preview":"max-video-preview:-1"},"canonical":"https:\/\/helga.fi\/en\/your-sanctuary\/student-representatives\/","og_locale":"en_US","og_type":"article","og_title":"Student Representatives - helga.fi","og_description":"Student RepresentativesOne of the most important tasks of the Student Union is to appoint student representatives to several Haaga-Helia\u2019s organs. These organs meet regularly to discuss Haaga-Helia's internal operations such [&hellip;]","og_url":"https:\/\/helga.fi\/en\/your-sanctuary\/student-representatives\/","og_site_name":"helga.fi","article_modified_time":"2025-02-06T06:31:11+00:00","twitter_card":"summary_large_image","twitter_misc":{"Est. reading time":"5 minutes"},"schema":{"@context":"https:\/\/schema.org","@graph":[{"@type":"WebPage","@id":"https:\/\/helga.fi\/en\/your-sanctuary\/student-representatives\/","url":"https:\/\/helga.fi\/en\/your-sanctuary\/student-representatives\/","name":"Student Representatives - helga.fi","isPartOf":{"@id":"https:\/\/helga.fi\/en\/#website"},"datePublished":"2020-11-10T07:49:33+00:00","dateModified":"2025-02-06T06:31:11+00:00","breadcrumb":{"@id":"https:\/\/helga.fi\/en\/your-sanctuary\/student-representatives\/#breadcrumb"},"inLanguage":"en-US","potentialAction":[{"@type":"ReadAction","target":["https:\/\/helga.fi\/en\/your-sanctuary\/student-representatives\/"]}]},{"@type":"BreadcrumbList","@id":"https:\/\/helga.fi\/en\/your-sanctuary\/student-representatives\/#breadcrumb","itemListElement":[{"@type":"ListItem","position":1,"name":"Home","item":"https:\/\/helga.fi\/en\/"},{"@type":"ListItem","position":2,"name":"Your Sanctuary","item":"https:\/\/helga.fi\/en\/turvasi\/"},{"@type":"ListItem","position":3,"name":"Student Representatives"}]},{"@type":"WebSite","@id":"https:\/\/helga.fi\/en\/#website","url":"https:\/\/helga.fi\/en\/","name":"helga.fi","description":"Haaga-Helian opiskelijakunta Helga","potentialAction":[{"@type":"SearchAction","target":{"@type":"EntryPoint","urlTemplate":"https:\/\/helga.fi\/en\/?s={search_term_string}"},"query-input":{"@type":"PropertyValueSpecification","valueRequired":true,"valueName":"search_term_string"}}],"inLanguage":"en-US"}]}},"_links":{"self":[{"href":"https:\/\/helga.fi\/en\/wp-json\/wp\/v2\/pages\/242892","targetHints":{"allow":["GET"]}}],"collection":[{"href":"https:\/\/helga.fi\/en\/wp-json\/wp\/v2\/pages"}],"about":[{"href":"https:\/\/helga.fi\/en\/wp-json\/wp\/v2\/types\/page"}],"author":[{"embeddable":true,"href":"https:\/\/helga.fi\/en\/wp-json\/wp\/v2\/users\/1"}],"replies":[{"embeddable":true,"href":"https:\/\/helga.fi\/en\/wp-json\/wp\/v2\/comments?post=242892"}],"version-history":[{"count":5,"href":"https:\/\/helga.fi\/en\/wp-json\/wp\/v2\/pages\/242892\/revisions"}],"predecessor-version":[{"id":349367,"href":"https:\/\/helga.fi\/en\/wp-json\/wp\/v2\/pages\/242892\/revisions\/349367"}],"up":[{"embeddable":true,"href":"https:\/\/helga.fi\/en\/wp-json\/wp\/v2\/pages\/242847"}],"wp:attachment":[{"href":"https:\/\/helga.fi\/en\/wp-json\/wp\/v2\/media?parent=242892"}],"curies":[{"name":"wp","href":"https:\/\/api.w.org\/{rel}","templated":true}]}}