{"id":266338,"date":"2021-10-26T15:10:22","date_gmt":"2021-10-26T12:10:22","guid":{"rendered":"https:\/\/helga.fi\/?page_id=266338"},"modified":"2021-10-26T15:10:30","modified_gmt":"2021-10-26T12:10:30","slug":"discord","status":"publish","type":"page","link":"https:\/\/helga.fi\/en\/your-community\/discord\/","title":{"rendered":"Discord"},"content":{"rendered":"<p>[et_pb_section fb_built=&#8221;1&#8243; next_background_color=&#8221;#ffffff&#8221; _builder_version=&#8221;4.11.3&#8243; _module_preset=&#8221;default&#8221; background_color=&#8221;rgba(0,0,0,0.39)&#8221; background_image=&#8221;https:\/\/helga.fi\/wp-content\/uploads\/2021\/10\/helga-discord-2-scaled.jpg&#8221; background_blend=&#8221;overlay&#8221; custom_padding=&#8221;||223px|||&#8221; bottom_divider_style=&#8221;wave&#8221; bottom_divider_height=&#8221;60px&#8221; border_width_right=&#8221;60px&#8221; border_color_right=&#8221;#ffffff&#8221; border_width_left=&#8221;60px&#8221; border_color_left=&#8221;#ffffff&#8221; border_width_right_tablet=&#8221;&#8221; border_width_right_phone=&#8221;0px&#8221; border_width_right_last_edited=&#8221;on|phone&#8221; border_width_left_tablet=&#8221;&#8221; border_width_left_phone=&#8221;0px&#8221; border_width_left_last_edited=&#8221;on|phone&#8221; global_colors_info=&#8221;{}&#8221;][et_pb_row _builder_version=&#8221;4.11.3&#8243; _module_preset=&#8221;default&#8221; custom_padding=&#8221;103px||40px|||&#8221; global_colors_info=&#8221;{}&#8221;][et_pb_column type=&#8221;4_4&#8243; _builder_version=&#8221;4.6.1&#8243; _module_preset=&#8221;default&#8221; global_colors_info=&#8221;{}&#8221;][et_pb_text _builder_version=&#8221;4.11.3&#8243; _module_preset=&#8221;default&#8221; text_text_color=&#8221;#ffffff&#8221; header_font=&#8221;|800||on|||||&#8221; header_text_color=&#8221;#ffffff&#8221; header_font_size=&#8221;3vw&#8221; header_letter_spacing=&#8221;3px&#8221; header_2_font=&#8221;|600|||||||&#8221; header_2_text_color=&#8221;#ffffff&#8221; header_2_font_size=&#8221;4vw&#8221; header_font_size_tablet=&#8221;6vw&#8221; header_font_size_phone=&#8221;8vw&#8221; header_font_size_last_edited=&#8221;on|phone&#8221; header_letter_spacing_tablet=&#8221;&#8221; header_letter_spacing_phone=&#8221;&#8221; header_letter_spacing_last_edited=&#8221;on|tablet&#8221; header_2_font_size_tablet=&#8221;6vw&#8221; header_2_font_size_phone=&#8221;9vw&#8221; header_2_font_size_last_edited=&#8221;on|phone&#8221; global_colors_info=&#8221;{}&#8221;]<\/p>\n<h1>Helga&#8217;s Discord<\/h1>\n<p>[\/et_pb_text][et_pb_divider color=&#8221;#ffffff&#8221; divider_weight=&#8221;3px&#8221; disabled_on=&#8221;on|off|off&#8221; _builder_version=&#8221;4.6.1&#8243; _module_preset=&#8221;default&#8221; width=&#8221;100px&#8221; module_alignment=&#8221;left&#8221; global_colors_info=&#8221;{}&#8221;][\/et_pb_divider][\/et_pb_column][\/et_pb_row][\/et_pb_section][et_pb_section fb_built=&#8221;1&#8243; _builder_version=&#8221;4.6.1&#8243; _module_preset=&#8221;default&#8221; custom_margin=&#8221;0px||0px||true|false&#8221; custom_padding=&#8221;0px||0px||true|false&#8221; global_colors_info=&#8221;{}&#8221;][et_pb_row column_structure=&#8221;3_5,2_5&#8243; _builder_version=&#8221;4.6.1&#8243; _module_preset=&#8221;default&#8221; custom_padding=&#8221;7px|||||&#8221; global_colors_info=&#8221;{}&#8221;][et_pb_column type=&#8221;3_5&#8243; _builder_version=&#8221;4.6.1&#8243; _module_preset=&#8221;default&#8221; global_colors_info=&#8221;{}&#8221;][et_pb_text _builder_version=&#8221;4.11.3&#8243; _module_preset=&#8221;default&#8221; text_text_color=&#8221;#ffffff&#8221; text_font_size=&#8221;18px&#8221; text_line_height=&#8221;1.8em&#8221; header_2_font=&#8221;|600|||||||&#8221; header_2_text_color=&#8221;#ffffff&#8221; background_color=&#8221;#006887&#8243; custom_margin=&#8221;-220px||||false|false&#8221; custom_margin_tablet=&#8221;-100px||||false|false&#8221; custom_margin_phone=&#8221;&#8221; custom_margin_last_edited=&#8221;on|phone&#8221; custom_padding=&#8221;40px|40px|40px|40px|true|true&#8221; border_radii=&#8221;on|15px|15px|15px|15px&#8221; global_colors_info=&#8221;{}&#8221;]<\/p>\n<p>Helga\u2019s Discord server is a social media channel, where Helga members and Haaga-Helia students can gather to discuss their own interests, offer peer support in schoolwork, and function as an easily approachable platform, where you can meet new friends.<\/p>\n<p>Discord is an app where you can discuss either by writing or speaking and it has been growing in popularity in gaming circles in recent years. The app is really easy to download and can be used on your phone or computer, but it can also be used in a browser.<\/p>\n<p>Helga\u2019s Discord is open to all Haaga-Helia students!<\/p>\n<p>[\/et_pb_text][\/et_pb_column][et_pb_column type=&#8221;2_5&#8243; _builder_version=&#8221;4.6.1&#8243; _module_preset=&#8221;default&#8221; global_colors_info=&#8221;{}&#8221;][\/et_pb_column][\/et_pb_row][\/et_pb_section][et_pb_section fb_built=&#8221;1&#8243; custom_padding_last_edited=&#8221;on|phone&#8221; _builder_version=&#8221;4.6.1&#8243; _module_preset=&#8221;default&#8221; custom_margin_tablet=&#8221;-100px||||false|false&#8221; custom_margin_phone=&#8221;&#8221; custom_margin_last_edited=&#8221;on|tablet&#8221; custom_padding=&#8221;6px||130px|||&#8221; custom_padding_tablet=&#8221;6px||60px||false|false&#8221; custom_padding_phone=&#8221;&#8221; global_colors_info=&#8221;{}&#8221;][et_pb_row _builder_version=&#8221;4.6.1&#8243; _module_preset=&#8221;default&#8221; custom_padding=&#8221;80px|||||&#8221; global_colors_info=&#8221;{}&#8221;][et_pb_column type=&#8221;4_4&#8243; _builder_version=&#8221;4.6.1&#8243; _module_preset=&#8221;default&#8221; global_colors_info=&#8221;{}&#8221;][et_pb_text _builder_version=&#8221;4.11.3&#8243; _module_preset=&#8221;default&#8221; header_2_font=&#8221;|800|||||||&#8221; header_2_text_align=&#8221;center&#8221; header_2_text_color=&#8221;#845498&#8243; header_2_font_size=&#8221;2vw&#8221; header_2_letter_spacing=&#8221;1px&#8221; header_2_line_height=&#8221;1.2em&#8221; header_2_font_size_tablet=&#8221;5vw&#8221; header_2_font_size_phone=&#8221;7vw&#8221; header_2_font_size_last_edited=&#8221;on|phone&#8221; global_colors_info=&#8221;{}&#8221;]<\/p>\n<h2>How to join Helga\u2019s Discord?<\/h2>\n<p>[\/et_pb_text][et_pb_divider divider_weight=&#8221;3px&#8221; _builder_version=&#8221;4.6.1&#8243; _module_preset=&#8221;default&#8221; width=&#8221;50px&#8221; module_alignment=&#8221;center&#8221; global_colors_info=&#8221;{}&#8221;][\/et_pb_divider][et_pb_text _builder_version=&#8221;4.11.3&#8243; _module_preset=&#8221;default&#8221; text_font_size=&#8221;18px&#8221; text_line_height=&#8221;1.8em&#8221; text_orientation=&#8221;center&#8221; max_width=&#8221;70%&#8221; max_width_tablet=&#8221;80%&#8221; max_width_phone=&#8221;100%&#8221; max_width_last_edited=&#8221;on|phone&#8221; module_alignment=&#8221;center&#8221; global_colors_info=&#8221;{}&#8221;]<\/p>\n<ol>\n<li style=\"text-align: left;\" aria-level=\"1\"><span style=\"font-weight: 400;\">Download Discord following the link: <\/span><a href=\"https:\/\/discord.com\/\"><span style=\"font-weight: 400;\">https:\/\/discord.com\/<\/span><\/a><\/li>\n<li style=\"text-align: left;\" aria-level=\"1\"><span style=\"font-weight: 400;\">Wait, until the download has finished.<\/span><\/li>\n<li style=\"text-align: left;\" aria-level=\"1\"><span style=\"font-weight: 400;\">Open the application and create an account with your email address.<\/span><\/li>\n<li style=\"text-align: left;\" aria-level=\"1\"><span style=\"font-weight: 400;\">Verify your account.<\/span><\/li>\n<li style=\"text-align: left;\" aria-level=\"1\"><span style=\"font-weight: 400;\">Join Helga\u2019s Discord by following the link: <\/span><a href=\"https:\/\/discord.gg\/6mhZGV7BPj\"><span style=\"font-weight: 400;\">https:\/\/discord.gg\/6mhZGV7BPj<\/span><\/a><\/li>\n<li style=\"text-align: left;\" aria-level=\"1\"><span style=\"font-weight: 400;\">If the link does not work or there are problems with it, you can find the link to Helga\u2019s Discord on our website.<\/span><\/li>\n<li style=\"text-align: left;\" aria-level=\"1\"><span style=\"font-weight: 400;\">Once you have joined, read Helga\u2019s Discord rules on channel #s\u00e4\u00e4nn\u00f6t_rules.<\/span><\/li>\n<li style=\"text-align: left;\" aria-level=\"1\"><span style=\"font-weight: 400;\">Go and grab yourself a role from #roolit_roles channel<\/span><\/li>\n<li style=\"text-align: left;\" aria-level=\"1\"><span style=\"font-weight: 400;\">Congratulations, you are now part of Helga\u2019s Discord!<\/span><\/li>\n<\/ol>\n<p style=\"text-align: left;\"><span style=\"font-weight: 400;\">Discord contains built in tips that can help a newcomer understand the application and we recommend using them. If you have any questions, you can ask them in Helga\u2019s Discord in channel #kysymykset_questions, or by making use of Discord\u2019s own <a href=\"https:\/\/support.discord.com\/hc\/en-us\/categories\/115000217151\">guide<\/a>.<\/span><\/p>\n<p>[\/et_pb_text][et_pb_divider divider_weight=&#8221;3px&#8221; _builder_version=&#8221;4.6.1&#8243; _module_preset=&#8221;default&#8221; width=&#8221;50px&#8221; module_alignment=&#8221;center&#8221; global_colors_info=&#8221;{}&#8221;][\/et_pb_divider][et_pb_text _builder_version=&#8221;4.11.3&#8243; _module_preset=&#8221;default&#8221; header_2_font=&#8221;|800|||||||&#8221; header_2_text_align=&#8221;center&#8221; header_2_text_color=&#8221;#845498&#8243; header_2_font_size=&#8221;2vw&#8221; header_2_letter_spacing=&#8221;1px&#8221; header_2_line_height=&#8221;1.2em&#8221; header_2_font_size_tablet=&#8221;5vw&#8221; header_2_font_size_phone=&#8221;7vw&#8221; header_2_font_size_last_edited=&#8221;on|phone&#8221; global_colors_info=&#8221;{}&#8221;]<\/p>\n<h2>Rules of Helga&#8217;s Discord<\/h2>\n<p>[\/et_pb_text][et_pb_text _builder_version=&#8221;4.11.3&#8243; _module_preset=&#8221;default&#8221; text_font_size=&#8221;18px&#8221; text_line_height=&#8221;1.8em&#8221; text_orientation=&#8221;center&#8221; max_width=&#8221;70%&#8221; max_width_tablet=&#8221;80%&#8221; max_width_phone=&#8221;100%&#8221; max_width_last_edited=&#8221;on|phone&#8221; module_alignment=&#8221;center&#8221; global_colors_info=&#8221;{}&#8221;]<\/p>\n<ol>\n<li style=\"text-align: left;\" aria-level=\"1\"><span style=\"font-weight: 400;\">Respect each other.<\/span><\/li>\n<li style=\"text-align: left;\" aria-level=\"1\"><span style=\"font-weight: 400;\">Don\u2019t undermine, embarrass or criticize others.<\/span><\/li>\n<li style=\"text-align: left;\" aria-level=\"1\"><span style=\"font-weight: 400;\">Don\u2019t make assumptions based on anyone\u2019s skin color, ethnicity, religion, gender, sexuality, age or speech.\u00a0<\/span><\/li>\n<li style=\"text-align: left;\" aria-level=\"1\"><span style=\"font-weight: 400;\">Don\u2019t use stereotypes<\/span><\/li>\n<li style=\"text-align: left;\" aria-level=\"1\"><span style=\"font-weight: 400;\">Don\u2019t appear with anyone else\u2019s identity.<\/span><\/li>\n<li style=\"text-align: left;\" aria-level=\"1\"><span style=\"font-weight: 400;\">Be open to others opinions and ideas.<\/span><\/li>\n<li style=\"text-align: left;\" aria-level=\"1\"><span style=\"font-weight: 400;\">Don\u2019t share inappropriate material, false or unconfirmed information.<\/span><\/li>\n<li style=\"text-align: left;\" aria-level=\"1\"><span style=\"font-weight: 400;\">Don\u2019t share viruses or malware.<\/span><\/li>\n<li style=\"text-align: left;\" aria-level=\"1\"><span style=\"font-weight: 400;\">Don&#8217;t share the Discord link outside of Haaga-Helia<br \/><\/span><\/li>\n<\/ol>\n<p style=\"text-align: left;\">If you see someone breaking the rules or feel you are bullied, contact Helga board members @helga board or tutors @tutors, which you can find in Discord\u2019s right profile bar.<\/p>\n<p>&nbsp;<\/p>\n<p>[\/et_pb_text][\/et_pb_column][\/et_pb_row][\/et_pb_section]<\/p>\n","protected":false},"excerpt":{"rendered":"<p>Helga&#8217;s DiscordHelga\u2019s Discord server is a social media channel, where Helga members and Haaga-Helia students can gather to discuss their own interests, offer peer support in schoolwork, and function as [&hellip;]<\/p>\n","protected":false},"author":30,"featured_media":0,"parent":242974,"menu_order":0,"comment_status":"closed","ping_status":"closed","template":"","meta":{"_et_pb_use_builder":"on","_et_pb_old_content":"","_et_gb_content_width":"","footnotes":""},"class_list":["post-266338","page","type-page","status-publish","hentry"],"yoast_head":"<!-- This site is optimized with the Yoast SEO plugin v27.3 - https:\/\/yoast.com\/product\/yoast-seo-wordpress\/ -->\n<title>Discord - helga.fi<\/title>\n<meta name=\"robots\" content=\"index, follow, max-snippet:-1, max-image-preview:large, max-video-preview:-1\" \/>\n<link rel=\"canonical\" href=\"https:\/\/helga.fi\/en\/your-community\/discord\/\" \/>\n<meta property=\"og:locale\" content=\"en_US\" \/>\n<meta property=\"og:type\" content=\"article\" \/>\n<meta property=\"og:title\" content=\"Discord - helga.fi\" \/>\n<meta property=\"og:description\" content=\"Helga&#039;s DiscordHelga\u2019s Discord server is a social media channel, where Helga members and Haaga-Helia students can gather to discuss their own interests, offer peer support in schoolwork, and function as [&hellip;]\" \/>\n<meta property=\"og:url\" content=\"https:\/\/helga.fi\/en\/your-community\/discord\/\" \/>\n<meta property=\"og:site_name\" content=\"helga.fi\" \/>\n<meta property=\"article:modified_time\" content=\"2021-10-26T12:10:30+00:00\" \/>\n<meta name=\"twitter:card\" content=\"summary_large_image\" \/>\n<meta name=\"twitter:label1\" content=\"Est. reading time\" \/>\n\t<meta name=\"twitter:data1\" content=\"5 minutes\" \/>\n<script type=\"application\/ld+json\" class=\"yoast-schema-graph\">{\"@context\":\"https:\\\/\\\/schema.org\",\"@graph\":[{\"@type\":\"WebPage\",\"@id\":\"https:\\\/\\\/helga.fi\\\/en\\\/your-community\\\/discord\\\/\",\"url\":\"https:\\\/\\\/helga.fi\\\/en\\\/your-community\\\/discord\\\/\",\"name\":\"Discord - helga.fi\",\"isPartOf\":{\"@id\":\"https:\\\/\\\/helga.fi\\\/en\\\/#website\"},\"datePublished\":\"2021-10-26T12:10:22+00:00\",\"dateModified\":\"2021-10-26T12:10:30+00:00\",\"breadcrumb\":{\"@id\":\"https:\\\/\\\/helga.fi\\\/en\\\/your-community\\\/discord\\\/#breadcrumb\"},\"inLanguage\":\"en-US\",\"potentialAction\":[{\"@type\":\"ReadAction\",\"target\":[\"https:\\\/\\\/helga.fi\\\/en\\\/your-community\\\/discord\\\/\"]}]},{\"@type\":\"BreadcrumbList\",\"@id\":\"https:\\\/\\\/helga.fi\\\/en\\\/your-community\\\/discord\\\/#breadcrumb\",\"itemListElement\":[{\"@type\":\"ListItem\",\"position\":1,\"name\":\"Home\",\"item\":\"https:\\\/\\\/helga.fi\\\/en\\\/\"},{\"@type\":\"ListItem\",\"position\":2,\"name\":\"Your Community\",\"item\":\"https:\\\/\\\/helga.fi\\\/en\\\/your-community\\\/\"},{\"@type\":\"ListItem\",\"position\":3,\"name\":\"Discord\"}]},{\"@type\":\"WebSite\",\"@id\":\"https:\\\/\\\/helga.fi\\\/en\\\/#website\",\"url\":\"https:\\\/\\\/helga.fi\\\/en\\\/\",\"name\":\"helga.fi\",\"description\":\"Haaga-Helian opiskelijakunta Helga\",\"potentialAction\":[{\"@type\":\"SearchAction\",\"target\":{\"@type\":\"EntryPoint\",\"urlTemplate\":\"https:\\\/\\\/helga.fi\\\/en\\\/?s={search_term_string}\"},\"query-input\":{\"@type\":\"PropertyValueSpecification\",\"valueRequired\":true,\"valueName\":\"search_term_string\"}}],\"inLanguage\":\"en-US\"}]}<\/script>\n<!-- \/ Yoast SEO plugin. -->","yoast_head_json":{"title":"Discord - helga.fi","robots":{"index":"index","follow":"follow","max-snippet":"max-snippet:-1","max-image-preview":"max-image-preview:large","max-video-preview":"max-video-preview:-1"},"canonical":"https:\/\/helga.fi\/en\/your-community\/discord\/","og_locale":"en_US","og_type":"article","og_title":"Discord - helga.fi","og_description":"Helga's DiscordHelga\u2019s Discord server is a social media channel, where Helga members and Haaga-Helia students can gather to discuss their own interests, offer peer support in schoolwork, and function as [&hellip;]","og_url":"https:\/\/helga.fi\/en\/your-community\/discord\/","og_site_name":"helga.fi","article_modified_time":"2021-10-26T12:10:30+00:00","twitter_card":"summary_large_image","twitter_misc":{"Est. reading time":"5 minutes"},"schema":{"@context":"https:\/\/schema.org","@graph":[{"@type":"WebPage","@id":"https:\/\/helga.fi\/en\/your-community\/discord\/","url":"https:\/\/helga.fi\/en\/your-community\/discord\/","name":"Discord - helga.fi","isPartOf":{"@id":"https:\/\/helga.fi\/en\/#website"},"datePublished":"2021-10-26T12:10:22+00:00","dateModified":"2021-10-26T12:10:30+00:00","breadcrumb":{"@id":"https:\/\/helga.fi\/en\/your-community\/discord\/#breadcrumb"},"inLanguage":"en-US","potentialAction":[{"@type":"ReadAction","target":["https:\/\/helga.fi\/en\/your-community\/discord\/"]}]},{"@type":"BreadcrumbList","@id":"https:\/\/helga.fi\/en\/your-community\/discord\/#breadcrumb","itemListElement":[{"@type":"ListItem","position":1,"name":"Home","item":"https:\/\/helga.fi\/en\/"},{"@type":"ListItem","position":2,"name":"Your Community","item":"https:\/\/helga.fi\/en\/your-community\/"},{"@type":"ListItem","position":3,"name":"Discord"}]},{"@type":"WebSite","@id":"https:\/\/helga.fi\/en\/#website","url":"https:\/\/helga.fi\/en\/","name":"helga.fi","description":"Haaga-Helian opiskelijakunta Helga","potentialAction":[{"@type":"SearchAction","target":{"@type":"EntryPoint","urlTemplate":"https:\/\/helga.fi\/en\/?s={search_term_string}"},"query-input":{"@type":"PropertyValueSpecification","valueRequired":true,"valueName":"search_term_string"}}],"inLanguage":"en-US"}]}},"_links":{"self":[{"href":"https:\/\/helga.fi\/en\/wp-json\/wp\/v2\/pages\/266338","targetHints":{"allow":["GET"]}}],"collection":[{"href":"https:\/\/helga.fi\/en\/wp-json\/wp\/v2\/pages"}],"about":[{"href":"https:\/\/helga.fi\/en\/wp-json\/wp\/v2\/types\/page"}],"author":[{"embeddable":true,"href":"https:\/\/helga.fi\/en\/wp-json\/wp\/v2\/users\/30"}],"replies":[{"embeddable":true,"href":"https:\/\/helga.fi\/en\/wp-json\/wp\/v2\/comments?post=266338"}],"version-history":[{"count":0,"href":"https:\/\/helga.fi\/en\/wp-json\/wp\/v2\/pages\/266338\/revisions"}],"up":[{"embeddable":true,"href":"https:\/\/helga.fi\/en\/wp-json\/wp\/v2\/pages\/242974"}],"wp:attachment":[{"href":"https:\/\/helga.fi\/en\/wp-json\/wp\/v2\/media?parent=266338"}],"curies":[{"name":"wp","href":"https:\/\/api.w.org\/{rel}","templated":true}]}}