{"id":295019,"date":"2022-11-09T15:06:45","date_gmt":"2022-11-09T13:06:45","guid":{"rendered":"https:\/\/helga.fi\/mini-herkkuappro\/"},"modified":"2024-10-07T12:38:15","modified_gmt":"2024-10-07T09:38:15","slug":"mini-herkkuappro","status":"publish","type":"page","link":"https:\/\/helga.fi\/en\/mini-herkkuappro\/","title":{"rendered":"Mini-herkkuappro"},"content":{"rendered":"<p>[et_pb_section fb_built=&#8221;1&#8243; next_background_color=&#8221;#ffffff&#8221; _builder_version=&#8221;4.27.0&#8243; _module_preset=&#8221;default&#8221; background_color=&#8221;RGBA(255,255,255,0)&#8221; background_image=&#8221;https:\/\/helga.fi\/wp-content\/uploads\/2022\/11\/herkkuappro_Facebook-Cover.png&#8221; background_position=&#8221;top_center&#8221; background_blend=&#8221;overlay&#8221; custom_padding=&#8221;||440px|||&#8221; bottom_divider_style=&#8221;wave&#8221; bottom_divider_height=&#8221;60px&#8221; hover_enabled=&#8221;0&#8243; border_width_right=&#8221;60px&#8221; border_color_right=&#8221;#ffffff&#8221; border_width_left=&#8221;60px&#8221; border_color_left=&#8221;#ffffff&#8221; border_width_right_tablet=&#8221;&#8221; border_width_right_phone=&#8221;0px&#8221; border_width_right_last_edited=&#8221;on|phone&#8221; border_width_left_tablet=&#8221;&#8221; border_width_left_phone=&#8221;0px&#8221; border_width_left_last_edited=&#8221;on|phone&#8221; global_colors_info=&#8221;{}&#8221; sticky_enabled=&#8221;0&#8243;][\/et_pb_section][et_pb_section fb_built=&#8221;1&#8243; _builder_version=&#8221;4.16&#8243; _module_preset=&#8221;default&#8221; custom_padding=&#8221;||2px|||&#8221; global_colors_info=&#8221;{}&#8221;][et_pb_row custom_padding_last_edited=&#8221;on|tablet&#8221; _builder_version=&#8221;4.16&#8243; _module_preset=&#8221;default&#8221; min_height=&#8221;186.4px&#8221; custom_padding=&#8221;19px||37px||false|false&#8221; custom_padding_tablet=&#8221;0px||||false|false&#8221; custom_padding_phone=&#8221;&#8221; global_colors_info=&#8221;{}&#8221;][et_pb_column type=&#8221;4_4&#8243; _builder_version=&#8221;4.16&#8243; _module_preset=&#8221;default&#8221; global_colors_info=&#8221;{}&#8221;][et_pb_text _builder_version=&#8221;4.19.0&#8243; _module_preset=&#8221;default&#8221; header_2_font=&#8221;|800|||||||&#8221; header_2_text_align=&#8221;center&#8221; header_2_text_color=&#8221;#845498&#8243; header_2_font_size=&#8221;2vw&#8221; header_2_letter_spacing=&#8221;1px&#8221; header_2_line_height=&#8221;1.3em&#8221; custom_margin=&#8221;-65px|||||&#8221; header_2_font_size_tablet=&#8221;5vw&#8221; header_2_font_size_phone=&#8221;7vw&#8221; header_2_font_size_last_edited=&#8221;on|phone&#8221; global_colors_info=&#8221;{}&#8221;]<\/p>\n<h2>Mini-herkkuappro<\/h2>\n<p>[\/et_pb_text][et_pb_divider divider_weight=&#8221;3px&#8221; _builder_version=&#8221;4.16&#8243; _module_preset=&#8221;default&#8221; width=&#8221;50px&#8221; module_alignment=&#8221;center&#8221; global_colors_info=&#8221;{}&#8221;][\/et_pb_divider][et_pb_text _builder_version=&#8221;4.16&#8243; _module_preset=&#8221;default&#8221; text_font_size=&#8221;18px&#8221; text_line_height=&#8221;1.8em&#8221; text_orientation=&#8221;center&#8221; max_width=&#8221;60%&#8221; max_width_tablet=&#8221;80%&#8221; max_width_phone=&#8221;100%&#8221; max_width_last_edited=&#8221;on|phone&#8221; module_alignment=&#8221;center&#8221; custom_margin=&#8221;-30px||8px||false|false&#8221; global_colors_info=&#8221;{}&#8221;]<\/p>\n<p>N\u00e4ill\u00e4 maukkailla approilla p\u00e4\u00e4set tutustumaan Helsingin kahvilakulttuuriin. Rastipaikat l\u00f6ytyv\u00e4t keskustasta joten nappaa siis kaverit kainaloon ja valmistaudu herkuttelemaan! Rastipaikoissa on tarjolla opiskelijayst\u00e4v\u00e4llisi\u00e4 approtarjouksia erilaisista herkuista, mutta kaikista tuotteista saa kyll\u00e4 leiman! Vegaanisia ja\/tai gluteenittomia herkkuvaihtoehtoja tarjoavat paikat on merkittyn\u00e4 karttaan erikseen. Muita erikoisruokavalioita voi aina kysy\u00e4 suorituspaikasta.<\/p>\n<p>Vuoden 2023 Mini-herkkuappro j\u00e4rjestet\u00e4\u00e4n torstaina 7.11 &amp; se sijoittuu klo 15-21 v\u00e4lille. Haalamerkin lunastamiseksi riitt\u00e4\u00e4, ett\u00e4 k\u00e4y testaamassa kuuden (6) eri rastipaikan herkkuja. Kaikki rastipaikat saa my\u00f6s k\u00e4yd\u00e4 l\u00e4pi jos oikein tekee mieli!<\/p>\n<p>Tapahtuman rastipaikat ja tarkempi info ilmoitetaan l\u00e4hemp\u00e4n\u00e4 ajankohtaa, malttakaa siis viel\u00e4 mielenne!<\/p>\n<p>&nbsp;<\/p>\n<p>[\/et_pb_text][\/et_pb_column][\/et_pb_row][\/et_pb_section]<\/p>\n","protected":false},"excerpt":{"rendered":"<p>Mini-herkkuapproN\u00e4ill\u00e4 maukkailla approilla p\u00e4\u00e4set tutustumaan Helsingin kahvilakulttuuriin. Rastipaikat l\u00f6ytyv\u00e4t keskustasta joten nappaa siis kaverit kainaloon ja valmistaudu herkuttelemaan! Rastipaikoissa on tarjolla opiskelijayst\u00e4v\u00e4llisi\u00e4 approtarjouksia erilaisista herkuista, mutta kaikista tuotteista saa kyll\u00e4 [&hellip;]<\/p>\n","protected":false},"author":30,"featured_media":0,"parent":0,"menu_order":0,"comment_status":"closed","ping_status":"closed","template":"","meta":{"_et_pb_use_builder":"on","_et_pb_old_content":"","_et_gb_content_width":"","footnotes":""},"class_list":["post-295019","page","type-page","status-publish","hentry"],"yoast_head":"<!-- This site is optimized with the Yoast SEO plugin v27.3 - https:\/\/yoast.com\/product\/yoast-seo-wordpress\/ -->\n<title>Mini-herkkuappro - helga.fi<\/title>\n<meta name=\"robots\" content=\"index, follow, max-snippet:-1, max-image-preview:large, max-video-preview:-1\" \/>\n<link rel=\"canonical\" href=\"https:\/\/helga.fi\/en\/mini-herkkuappro\/\" \/>\n<meta property=\"og:locale\" content=\"en_US\" \/>\n<meta property=\"og:type\" content=\"article\" \/>\n<meta property=\"og:title\" content=\"Mini-herkkuappro - helga.fi\" \/>\n<meta property=\"og:description\" content=\"Mini-herkkuapproN\u00e4ill\u00e4 maukkailla approilla p\u00e4\u00e4set tutustumaan Helsingin kahvilakulttuuriin. Rastipaikat l\u00f6ytyv\u00e4t keskustasta joten nappaa siis kaverit kainaloon ja valmistaudu herkuttelemaan! Rastipaikoissa on tarjolla opiskelijayst\u00e4v\u00e4llisi\u00e4 approtarjouksia erilaisista herkuista, mutta kaikista tuotteista saa kyll\u00e4 [&hellip;]\" \/>\n<meta property=\"og:url\" content=\"https:\/\/helga.fi\/en\/mini-herkkuappro\/\" \/>\n<meta property=\"og:site_name\" content=\"helga.fi\" \/>\n<meta property=\"article:modified_time\" content=\"2024-10-07T09:38:15+00:00\" \/>\n<meta name=\"twitter:card\" content=\"summary_large_image\" \/>\n<meta name=\"twitter:label1\" content=\"Est. reading time\" \/>\n\t<meta name=\"twitter:data1\" content=\"2 minutes\" \/>\n<script type=\"application\/ld+json\" class=\"yoast-schema-graph\">{\"@context\":\"https:\\\/\\\/schema.org\",\"@graph\":[{\"@type\":\"WebPage\",\"@id\":\"https:\\\/\\\/helga.fi\\\/en\\\/mini-herkkuappro\\\/\",\"url\":\"https:\\\/\\\/helga.fi\\\/en\\\/mini-herkkuappro\\\/\",\"name\":\"Mini-herkkuappro - helga.fi\",\"isPartOf\":{\"@id\":\"https:\\\/\\\/helga.fi\\\/en\\\/#website\"},\"datePublished\":\"2022-11-09T13:06:45+00:00\",\"dateModified\":\"2024-10-07T09:38:15+00:00\",\"breadcrumb\":{\"@id\":\"https:\\\/\\\/helga.fi\\\/en\\\/mini-herkkuappro\\\/#breadcrumb\"},\"inLanguage\":\"en-US\",\"potentialAction\":[{\"@type\":\"ReadAction\",\"target\":[\"https:\\\/\\\/helga.fi\\\/en\\\/mini-herkkuappro\\\/\"]}]},{\"@type\":\"BreadcrumbList\",\"@id\":\"https:\\\/\\\/helga.fi\\\/en\\\/mini-herkkuappro\\\/#breadcrumb\",\"itemListElement\":[{\"@type\":\"ListItem\",\"position\":1,\"name\":\"Home\",\"item\":\"https:\\\/\\\/helga.fi\\\/en\\\/\"},{\"@type\":\"ListItem\",\"position\":2,\"name\":\"Mini-herkkuappro\"}]},{\"@type\":\"WebSite\",\"@id\":\"https:\\\/\\\/helga.fi\\\/en\\\/#website\",\"url\":\"https:\\\/\\\/helga.fi\\\/en\\\/\",\"name\":\"helga.fi\",\"description\":\"Haaga-Helian opiskelijakunta Helga\",\"potentialAction\":[{\"@type\":\"SearchAction\",\"target\":{\"@type\":\"EntryPoint\",\"urlTemplate\":\"https:\\\/\\\/helga.fi\\\/en\\\/?s={search_term_string}\"},\"query-input\":{\"@type\":\"PropertyValueSpecification\",\"valueRequired\":true,\"valueName\":\"search_term_string\"}}],\"inLanguage\":\"en-US\"}]}<\/script>\n<!-- \/ Yoast SEO plugin. -->","yoast_head_json":{"title":"Mini-herkkuappro - helga.fi","robots":{"index":"index","follow":"follow","max-snippet":"max-snippet:-1","max-image-preview":"max-image-preview:large","max-video-preview":"max-video-preview:-1"},"canonical":"https:\/\/helga.fi\/en\/mini-herkkuappro\/","og_locale":"en_US","og_type":"article","og_title":"Mini-herkkuappro - helga.fi","og_description":"Mini-herkkuapproN\u00e4ill\u00e4 maukkailla approilla p\u00e4\u00e4set tutustumaan Helsingin kahvilakulttuuriin. Rastipaikat l\u00f6ytyv\u00e4t keskustasta joten nappaa siis kaverit kainaloon ja valmistaudu herkuttelemaan! Rastipaikoissa on tarjolla opiskelijayst\u00e4v\u00e4llisi\u00e4 approtarjouksia erilaisista herkuista, mutta kaikista tuotteista saa kyll\u00e4 [&hellip;]","og_url":"https:\/\/helga.fi\/en\/mini-herkkuappro\/","og_site_name":"helga.fi","article_modified_time":"2024-10-07T09:38:15+00:00","twitter_card":"summary_large_image","twitter_misc":{"Est. reading time":"2 minutes"},"schema":{"@context":"https:\/\/schema.org","@graph":[{"@type":"WebPage","@id":"https:\/\/helga.fi\/en\/mini-herkkuappro\/","url":"https:\/\/helga.fi\/en\/mini-herkkuappro\/","name":"Mini-herkkuappro - helga.fi","isPartOf":{"@id":"https:\/\/helga.fi\/en\/#website"},"datePublished":"2022-11-09T13:06:45+00:00","dateModified":"2024-10-07T09:38:15+00:00","breadcrumb":{"@id":"https:\/\/helga.fi\/en\/mini-herkkuappro\/#breadcrumb"},"inLanguage":"en-US","potentialAction":[{"@type":"ReadAction","target":["https:\/\/helga.fi\/en\/mini-herkkuappro\/"]}]},{"@type":"BreadcrumbList","@id":"https:\/\/helga.fi\/en\/mini-herkkuappro\/#breadcrumb","itemListElement":[{"@type":"ListItem","position":1,"name":"Home","item":"https:\/\/helga.fi\/en\/"},{"@type":"ListItem","position":2,"name":"Mini-herkkuappro"}]},{"@type":"WebSite","@id":"https:\/\/helga.fi\/en\/#website","url":"https:\/\/helga.fi\/en\/","name":"helga.fi","description":"Haaga-Helian opiskelijakunta Helga","potentialAction":[{"@type":"SearchAction","target":{"@type":"EntryPoint","urlTemplate":"https:\/\/helga.fi\/en\/?s={search_term_string}"},"query-input":{"@type":"PropertyValueSpecification","valueRequired":true,"valueName":"search_term_string"}}],"inLanguage":"en-US"}]}},"_links":{"self":[{"href":"https:\/\/helga.fi\/en\/wp-json\/wp\/v2\/pages\/295019","targetHints":{"allow":["GET"]}}],"collection":[{"href":"https:\/\/helga.fi\/en\/wp-json\/wp\/v2\/pages"}],"about":[{"href":"https:\/\/helga.fi\/en\/wp-json\/wp\/v2\/types\/page"}],"author":[{"embeddable":true,"href":"https:\/\/helga.fi\/en\/wp-json\/wp\/v2\/users\/30"}],"replies":[{"embeddable":true,"href":"https:\/\/helga.fi\/en\/wp-json\/wp\/v2\/comments?post=295019"}],"version-history":[{"count":1,"href":"https:\/\/helga.fi\/en\/wp-json\/wp\/v2\/pages\/295019\/revisions"}],"predecessor-version":[{"id":343376,"href":"https:\/\/helga.fi\/en\/wp-json\/wp\/v2\/pages\/295019\/revisions\/343376"}],"wp:attachment":[{"href":"https:\/\/helga.fi\/en\/wp-json\/wp\/v2\/media?parent=295019"}],"curies":[{"name":"wp","href":"https:\/\/api.w.org\/{rel}","templated":true}]}}